{"id":1441,"date":"2017-05-01T12:38:13","date_gmt":"2017-05-01T12:38:13","guid":{"rendered":"http:\/\/bioconcolors.com\/colores-naturales\/paprika\/"},"modified":"2017-05-29T09:22:22","modified_gmt":"2017-05-29T09:22:22","slug":"paprika","status":"publish","type":"page","link":"https:\/\/bioconcolors.com\/es\/paprika\/","title":{"rendered":"P\u00e1prika"},"content":{"rendered":"<p>[vc_row background_position=\u00bbright center\u00bb row_height=\u00bb250&#8243; css=\u00bb.vc_custom_1492072861696{background: #f15a24 url(http:\/\/bioconcolors.com\/wp-content\/uploads\/2017\/04\/yellow_orange_bg_mix2.png?id=881) !important;background-position: 0 0 !important;background-repeat: no-repeat !important;}\u00bb el_class=\u00bbStandardRowLineSepBottomNoPadd\u00bb][vc_column][vc_row_inner css=\u00bb.vc_custom_1491466687094{margin-top: 4% !important;padding-top: 5% !important;padding-right: 5% !important;padding-bottom: 5% !important;}\u00bb][vc_column_inner][vc_custom_heading text=\u00bbP\u00e1prika\u00bb font_container=\u00bbtag:h1|font_size:55|text_align:left|color:%23ffffff|line_height:1.2&#8243; use_theme_fonts=\u00bbyes\u00bb css_animation=\u00bbfadeIn\u00bb][vc_column_text css_animation=\u00bbfadeIn\u00bb el_class=\u00bbTopPanelBodyWhite\u00bb]<\/p>\n<h4>Naranja<\/h4>\n<p>[\/vc_column_text][\/vc_column_inner][\/vc_row_inner][\/vc_column][\/vc_row][vc_row el_class=\u00bbStandardRowLineSepBottom\u00bb][vc_column css=\u00bb.vc_custom_1490967918182{padding-right: 20px !important;}\u00bb][vc_column_text]<strong>La planta\u00a0<i>Capsium Linne<\/i>\u00a0puede ser encontrada en gran parte del mundo. Contiene un pigmento llamado carotenoid\u2013capsantins, rico en colores con una insinuaci\u00f3n rojiza. Este producto es utilizado como un condimento para cocinar debido a su sabor y a su gusto. Sin embargo, una vez extra\u00eddo el saborizante; se utiliza como un colorante.\u00a0<\/strong><\/p>\n<p>Este colorante por lo general es soluble en aceite, pero despu\u00e9s de procesado pueden obtenerse productos que se dispersan en agua o solubles en agua.<\/p>\n<p>El polvo de p\u00e1prika es utilizado generalmente en bebidas, comida procesada y productos procesados de tomate porque el colorante es estable en calor, agua y pH.<\/p>\n<p><u>Oleoresina de Paprika\u00a0<\/u><br \/>\nLa Oleoresina de P\u00e1prika es formada por la extracci\u00f3n de l\u00edpidos y pigmentos del\u00a0<i>Capsicum Annuum Linne<\/i>\u00a0que es un pimiento rojo dulce que crece en climas moderados. Este extracto soluble en aceite y grasas es utilizado ampliamente en alimentos procesados tales como salchichas, surimi, camarones, salsas para ensaladas, cubiertas, y condimentos para snacks.[\/vc_column_text][\/vc_column][\/vc_row][vc_row background_position=\u00bbcenter top\u00bb css=\u00bb.vc_custom_1491818470288{padding-bottom: 0px !important;background-position: 0 0 !important;background-repeat: no-repeat !important;}\u00bb el_class=\u00bbProductCatHeaderRow\u00bb el_id=\u00bbProductCatRow\u00bb][vc_column][vc_custom_heading text=\u00bbCategor\u00edas de Producto\u00bb font_container=\u00bbtag:h2|text_align:center|color:%23ce3838&#8243; use_theme_fonts=\u00bbyes\u00bb el_class=\u00bbBasicHeaderPadd1&#8243; css=\u00bb.vc_custom_1491829220019{margin-top: 0px !important;margin-right: 0px !important;margin-bottom: 0px !important;margin-left: 0px !important;border-top-width: 0px !important;border-right-width: 0px !important;border-bottom-width: 0px !important;border-left-width: 0px !important;padding-top: 4% !important;padding-right: 0px !important;padding-bottom: 4% !important;padding-left: 0px !important;}\u00bb][\/vc_column][\/vc_row][vc_row el_id=\u00bbProdCatRow\u00bb][vc_column css=\u00bb.vc_custom_1491818118254{padding-top: 4% !important;padding-right: 50px !important;background-color: #ffffff !important;}\u00bb el_class=\u00bbProductCatColL\u00bb][vc_custom_heading text=\u00bbP\u00e1prika\u00bb font_container=\u00bbtag:h1|text_align:left\u00bb use_theme_fonts=\u00bbyes\u00bb][vc_column_text el_class=\u00bbProductCatColTxt\u00bb]<\/p>\n<ul>\n<li>Pigmentos obtenidos del fruto del\u00a0<i>Capsicum Annuum L.<\/i><\/li>\n<li>Pigmento: capsanthin \/ capsorubin<\/li>\n<li>Tonalidad:\u00a0<u>Anaranjado a Rojo<\/u><\/li>\n<li>Soluble en:\n<ul>\n<li>Aceite: Bien<\/li>\n<li>Agua: Productos emulsificados son solubles<\/li>\n<\/ul>\n<\/li>\n<li>pH: Mejor a pH 6 o superior<\/li>\n<li>Temperatura: M\u00ednima por debajo de 100 grados<\/li>\n<\/ul>\n<p>[\/vc_column_text][vc_custom_heading text=\u00bbP\u00e1prika en Polvo\u00bb font_container=\u00bbtag:h3|text_align:left\u00bb use_theme_fonts=\u00bbyes\u00bb][vc_accordion title=\u00bblakepowder\u00bb][vc_accordion_tab title=\u00bbWater Soluble\u00bb][vc_column_text]<\/p>\n<ul>\n<li>Apariencia del Producto: Polvo anaranjado<\/li>\n<li>Oleoresina de p\u00e1prika atomizada y estabilizada en emulsificantes<\/li>\n<li>Soluble en agua<\/li>\n<li>Contenido de Paprika: 1,000 a 8,000 unidades de color<\/li>\n<li>Tonalidad: Anaranjado a Anaranjado rojizo<\/li>\n<li>Aplicaciones principales: C\u00e1rnicos, panader\u00eda y confiter\u00eda<\/li>\n<li>Nombre Comercial:\u00a0<b>Biocon Paprika Powder<\/b><\/li>\n<\/ul>\n<p>[\/vc_column_text][\/vc_accordion_tab][\/vc_accordion][vc_custom_heading text=\u00bbP\u00e1prika Liquido\u00bb font_container=\u00bbtag:h3|text_align:left\u00bb use_theme_fonts=\u00bbyes\u00bb][vc_accordion title=\u00bblakeliquid\u00bb][vc_accordion_tab title=\u00bbOil Soluble\u00bb][vc_column_text]<\/p>\n<ul>\n<li>Apariencia del producto: L\u00edquido viscoso marr\u00f3n oscuro<\/li>\n<li>Obtenido por la extracci\u00f3n por solventes de\u00a0<i>Capsicum Annuum L.<\/i><\/li>\n<li>Soluble en aceite, insoluble en agua<\/li>\n<li>Contenido de Paprika: 1.000 a 100.000 unidades de color<\/li>\n<li>Tonalidad:\u00a0<u>Anaranjado a Anaranjado rojizo<\/u><\/li>\n<li>Aplicaciones principales: C\u00e1rnicos, panader\u00eda y salsas<\/li>\n<li>Nombre Comercial:\u00a0<b>Biocon Paprika Oleoresin<\/b><\/li>\n<li><\/li>\n<\/ul>\n<p>[\/vc_column_text][\/vc_accordion_tab][\/vc_accordion][\/vc_column][\/vc_row][vc_row bg_shadow=\u00bbbg-top-shadow\u00bb css=\u00bb.vc_custom_1492075046412{padding-bottom: 5% !important;background-color: #f2a951 !important;}\u00bb el_class=\u00bbActionBanner\u00bb][vc_column][vc_custom_heading text=\u00bbP\u00f3ngase en contacto con nosotros\u00bb font_container=\u00bbtag:h2|text_align:center|color:%23ffffff\u00bb use_theme_fonts=\u00bbyes\u00bb el_class=\u00bbBasicHeaderPadd2&#8243;][vc_button2 title=\u00bbContacto\u00bb alignment=\u00bb btn-center \u00bb link=\u00bburl:http%3A%2F%2Fbioconcolors.com%2Fes%2Fcontact-es%2F|||\u00bb][\/vc_column][\/vc_row]<\/p>\n","protected":false},"excerpt":{"rendered":"<p>[vc_row background_position=\u00bbright center\u00bb row_height=\u00bb250&#8243; css=\u00bb.vc_custom_1492072861696{background: #f15a24 url(http:\/\/bioconcolors.com\/wp-content\/uploads\/2017\/04\/yellow_orange_bg_mix2.png?id=881) !important;background-position: 0 0 !important;background-repeat: no-repeat !important;}\u00bb el_class=\u00bbStandardRowLineSepBottomNoPadd\u00bb][vc_column][vc_row_inner css=\u00bb.vc_custom_1491466687094{margin-top: 4% !important;padding-top: 5% !important;padding-right: 5% !important;padding-bottom: 5% !important;}\u00bb][vc_column_inner][vc_custom_heading text=\u00bbP\u00e1prika\u00bb font_container=\u00bbtag:h1|font_size:55|text_align:left|color:%23ffffff|line_height:1.2&#8243; use_theme_fonts=\u00bbyes\u00bb css_animation=\u00bbfadeIn\u00bb][vc_column_text css_animation=\u00bbfadeIn\u00bb el_class=\u00bbTopPanelBodyWhite\u00bb] Naranja [\/vc_column_text][\/vc_column_inner][\/vc_row_inner][\/vc_column][\/vc_row][vc_row el_class=\u00bbStandardRowLineSepBottom\u00bb][vc_column css=\u00bb.vc_custom_1490967918182{padding-right: 20px !important;}\u00bb][vc_column_text]La planta\u00a0Capsium Linne\u00a0puede ser encontrada en gran parte del [&#8230;]<\/p>\n<p><a class=\"more-link\" href=\"https:\/\/bioconcolors.com\/es\/paprika\/\">Continue Reading<\/a><\/p>\n","protected":false},"author":1,"featured_media":0,"parent":0,"menu_order":0,"comment_status":"closed","ping_status":"closed","template":"template-full-width.php","meta":{"footnotes":""},"class_list":["post-1441","page","type-page","status-publish","hentry"],"_links":{"self":[{"href":"https:\/\/bioconcolors.com\/es\/wp-json\/wp\/v2\/pages\/1441","targetHints":{"allow":["GET"]}}],"collection":[{"href":"https:\/\/bioconcolors.com\/es\/wp-json\/wp\/v2\/pages"}],"about":[{"href":"https:\/\/bioconcolors.com\/es\/wp-json\/wp\/v2\/types\/page"}],"author":[{"embeddable":true,"href":"https:\/\/bioconcolors.com\/es\/wp-json\/wp\/v2\/users\/1"}],"replies":[{"embeddable":true,"href":"https:\/\/bioconcolors.com\/es\/wp-json\/wp\/v2\/comments?post=1441"}],"version-history":[{"count":17,"href":"https:\/\/bioconcolors.com\/es\/wp-json\/wp\/v2\/pages\/1441\/revisions"}],"predecessor-version":[{"id":2186,"href":"https:\/\/bioconcolors.com\/es\/wp-json\/wp\/v2\/pages\/1441\/revisions\/2186"}],"wp:attachment":[{"href":"https:\/\/bioconcolors.com\/es\/wp-json\/wp\/v2\/media?parent=1441"}],"curies":[{"name":"wp","href":"https:\/\/api.w.org\/{rel}","templated":true}]}}